{"id":1513,"date":"2020-07-23T15:58:25","date_gmt":"2020-07-23T13:58:25","guid":{"rendered":"http:\/\/mssa.org.mk\/?page_id=1513"},"modified":"2020-08-13T08:59:12","modified_gmt":"2020-08-13T06:59:12","slug":"manual","status":"publish","type":"page","link":"https:\/\/mssa.org.mk\/en\/manual\/","title":{"rendered":"Manual for parents of children with autism spectrum conditions and professionals in their circle of support"},"content":{"rendered":"<p><img loading=\"lazy\" decoding=\"async\" class=\"alignnone size-full wp-image-1512\" src=\"http:\/\/mssa.org.mk\/wp-content\/uploads\/2020\/07\/support-manual.png\" alt=\"\" width=\"1500\" height=\"967\" \/><\/p>\n<ul>\n<li><a  data-e-Disable-Page-Transition=\"true\" class=\"download-link\" title=\"\" href=\"https:\/\/mssa.org.mk\/en\/download\/1522\/?tmstv=1776209895\" rel=\"nofollow\" id=\"download-link-1522\" data-redirect=\"false\" >\n\tMK: \u041f\u043e\u0434\u0434\u0440\u0448\u043a\u0430 \u043d\u0430 \u0441\u043e\u0446\u0438\u0458\u0430\u043b\u043d\u0438 \u0432\u0435\u0448\u0442\u0438\u043d\u0438 \u0438 \u043f\u043e\u0437\u0438\u0442\u0438\u0432\u043d\u043e \u0440\u043e\u0434\u0438\u0442\u0435\u043b\u0441\u0442\u0432\u043e\t(11049 downloads\t)\n<\/a>\n<\/li>\n<li><a  data-e-Disable-Page-Transition=\"true\" class=\"download-link\" title=\"\" href=\"https:\/\/mssa.org.mk\/en\/download\/1524\/?tmstv=1776209895\" rel=\"nofollow\" id=\"download-link-1524\" data-redirect=\"false\" >\n\tEN: Supporting social skills and positive parenting\t(7872 downloads\t)\n<\/a>\n<\/li>\n<li><a  data-e-Disable-Page-Transition=\"true\" class=\"download-link\" title=\"\" href=\"https:\/\/mssa.org.mk\/en\/download\/1526\/?tmstv=1776209896\" rel=\"nofollow\" id=\"download-link-1526\" data-redirect=\"false\" >\n\tAL: Mb\u00ebshtetja e shkatht\u00ebsive sociale dhe prind\u00ebsis\u00eb pozitive\t(7714 downloads\t)\n<\/a>\n<\/li>\n<\/ul>\n<p><\/p>\n<!-- AddThis Advanced Settings generic via filter on the_content -->","protected":false},"excerpt":{"rendered":"<p><!-- AddThis Advanced Settings generic via filter on get_the_excerpt --><\/p>\n","protected":false},"author":1,"featured_media":0,"parent":0,"menu_order":0,"comment_status":"closed","ping_status":"closed","template":"","meta":{"footnotes":""},"class_list":["post-1513","page","type-page","status-publish","hentry"],"aioseo_notices":[],"_links":{"self":[{"href":"https:\/\/mssa.org.mk\/en\/wp-json\/wp\/v2\/pages\/1513","targetHints":{"allow":["GET"]}}],"collection":[{"href":"https:\/\/mssa.org.mk\/en\/wp-json\/wp\/v2\/pages"}],"about":[{"href":"https:\/\/mssa.org.mk\/en\/wp-json\/wp\/v2\/types\/page"}],"author":[{"embeddable":true,"href":"https:\/\/mssa.org.mk\/en\/wp-json\/wp\/v2\/users\/1"}],"replies":[{"embeddable":true,"href":"https:\/\/mssa.org.mk\/en\/wp-json\/wp\/v2\/comments?post=1513"}],"version-history":[{"count":8,"href":"https:\/\/mssa.org.mk\/en\/wp-json\/wp\/v2\/pages\/1513\/revisions"}],"predecessor-version":[{"id":1532,"href":"https:\/\/mssa.org.mk\/en\/wp-json\/wp\/v2\/pages\/1513\/revisions\/1532"}],"wp:attachment":[{"href":"https:\/\/mssa.org.mk\/en\/wp-json\/wp\/v2\/media?parent=1513"}],"curies":[{"name":"wp","href":"https:\/\/api.w.org\/{rel}","templated":true}]}}