{"id":100,"date":"2018-10-15T08:22:49","date_gmt":"2018-10-15T06:22:49","guid":{"rendered":"http:\/\/mssa.org.mk\/nov\/?page_id=100"},"modified":"2020-08-14T09:48:07","modified_gmt":"2020-08-14T07:48:07","slug":"list-of-articles","status":"publish","type":"page","link":"https:\/\/mssa.org.mk\/en\/list-of-articles\/","title":{"rendered":"List of articles"},"content":{"rendered":"<p><\/p>\n<ol>\n<li><strong>Kopachev D, Nastov P.<\/strong>Autistic child \u2013 our case study. Macedonian Medical Rewiev. Skopje, 1983; XXXVII, 1-2: 30-32.<\/li>\n<li><strong>Lakoski A.<\/strong>Genetic aspects of autism. Journal of Special Education and Rehabilitation. Skopje, 1997; 2: 49-55.<\/li>\n<li><strong>Lukikj D.<\/strong>System for protection of children with autism. Journal of Special Education and Rehabilitation. Skopje, 1998; 2-3: 135-144.<\/li>\n<li><strong>Ajdinski Lj.<\/strong>Children with autism and need for organization their treatment in Republic of Macedonia. Journal of Special Education and Rehabilitation. Skopje, 1999; 3-4: 57-66.<\/li>\n<li><strong>Petrov R, Kopachev D, Petrova V.<\/strong>Treatment of children with autism. Annual of Faculty of Phylosophi. Skopje, 1999; 26 (52): 397-407.<\/li>\n<li><strong>Petrov R, Kopachev D, Petrova V.<\/strong>For children with autism. Association for help children with autism. Skopje, 2000.<\/li>\n<li><strong>Trajkovski V, Spiroski M.<\/strong>Autoimmunity and autism. Macedonian Medical Rewiev. Skopje, 2000; 54 (Supl. 43): 47-53.<\/li>\n<li><strong>Trajkovski V.<\/strong>The news in medical therapy of autism. Special Pedagocis. Sofia, June, 2000; 2: 16-22.<\/li>\n<li><strong>Trajkovski V, Spiroski M.<\/strong><a href=\"http:\/\/mssa.org.mk\/wp-content\/uploads\/2018\/10\/017-021-Vladimir-TrajkovskiMirko-Spiroski-JSER-1-2-2000.pdf\" target=\"_blank\" rel=\"noopener noreferrer\">Immunodiagnostics and immunotherapy of autism<\/a>. Journal of Special Education and Rehabilitation. Skopje, 2000; 1-2: 17-21.<\/li>\n<li><strong>Trajkovski V.<\/strong>Document for persons with autism. Annual of Faculty of Phylosophi. Skopje, 2000; 27 (53): 357-377.<\/li>\n<li><strong>Kopachev D, Petrov R, Petrova V.<\/strong>Treatment of children with autism \u2013 neuropsychological approach. Annual of Faculty of Phylosophi. Skopje, 2000; 27 (53): 339-346.<\/li>\n<li><strong>Trajkovski V.<\/strong><u><a href=\"http:\/\/mssa.org.mk\/wp-content\/uploads\/2018\/10\/12_Autizam-Internet.pdf\">Autism on Internet<\/a><\/u>\u00a0. Journal of Special Education and Rehabilitation. Skopje, 2000; 3-4: 124-131.<\/li>\n<li><strong>Kopachev D, Trajkovski V.<\/strong><a href=\"http:\/\/mssa.org.mk\/wp-content\/uploads\/2018\/10\/084-089-Kopacev-Trajkovski.pdf\" target=\"_blank\" rel=\"noopener noreferrer\">Autism and tuberous sclerosis<\/a>. Journal of Special Education and Rehabilitation. Skopje, 2000; 3-4: 84-89.<\/li>\n<li><strong>Trajkovski V.<\/strong>Immunogenetic aspects of autism. Belgrade Special Educational School. Belgrade, 2001; 2-3: 88-96.<\/li>\n<li><strong>Trajkovski V, Spiroski M.<\/strong>Immune deficiency and supression of immune system in children with autism. Special Pedagocis. Sofia,\u00a0 June, 2002; 2: 3-15.<\/li>\n<li><strong>Trajkovski V, Ajdinski Lj, Spiroski M.\u00a0<\/strong><u><a href=\"http:\/\/mssa.org.mk\/download\/1562\/\">The charter for persons with autism in Republic of Macedonia.<\/a><\/u>Macedonian Scientific Society for Autism. Skopje, 2002; 1-81.<\/li>\n<li><strong>Trajkovski V.<\/strong>Differential diagnosis of autistic syndrome. Annual of Faculty of Phylosophi. Skopje, 2002; 29 (55): 243-253.<\/li>\n<li><strong>Trajkovski V.<\/strong>Plasma concentartion of immunoglobuline classes and subclasses in children with autism in Republic of Macedonia. Belgrade Special Educational School. Belgrade, 2002; 3: 161-168.<\/li>\n<li><strong>Trajkovski EV.<\/strong> Faculty of Phylosophi, Institute of Special education and Rehabilitation, Skopje, 2004.<\/li>\n<li><strong>Trajkovski V, Ajdinski Lj, Spiroski M.<\/strong><u><a href=\"http:\/\/mssa.org.mk\/wp-content\/uploads\/2018\/10\/20_TRAJKOVSKI.pdf\">Plasma Concentration of Immunoglobulin Classes and Subclasses in Children with Autism in the Republic of Macedonia: Retrospective Study.<\/a><\/u>\u00a0Croatian Medical Journal 2004; 45 (6): 746-749.<\/li>\n<li><strong>Trajkovski V.<\/strong><a href=\"http:\/\/mssa.org.mk\/wp-content\/uploads\/2018\/10\/Vladimir-Trajkovski-Etiologija-autizam.pdf\" target=\"_blank\" rel=\"noopener noreferrer\">Etiology of autism<\/a>. Journal of Special Education and Rehabilitation. Skopje, 2004; 1-2: 61-74.<\/li>\n<li><strong>Ivanovska J, Trajkovski V, Ajdinski G, Luki} D.<\/strong><u><a href=\"http:\/\/mssa.org.mk\/wp-content\/uploads\/2018\/10\/22_Jasmina_Vlado_Goran_Lukic.pdf\">Some chrasteristics of adolescents with autism.<\/a><\/u>Belgrade Special Educational School. Belgrade, 2004; 2-3: 155-170.<\/li>\n<li><strong>Trajkovski V.<\/strong><u><a href=\"http:\/\/mssa.org.mk\/wp-content\/uploads\/2018\/10\/23_VladoTrajkovski-medicinski_tretman.pdf\">News in therapy of autism.<\/a><\/u>\u00a0Journal of Special Education and Rehabilitation. Skopje, 2004; 3-4: 43-56.<\/li>\n<li><strong>Sing KV.<\/strong><u><a href=\"http:\/\/mssa.org.mk\/wp-content\/uploads\/2018\/10\/24_VijendraSingh-iskustvaNovini_od_svetot.pdf\">Rehabilitation of autism with immune modulation therapy.<\/a><\/u>\u00a0Journal of Special Education and Rehabilitation. Skopje, 2004; 3-4: 161-178.<\/li>\n<li><strong>Trajkovski V.<\/strong><a href=\"http:\/\/mssa.org.mk\/wp-content\/uploads\/2018\/10\/25_Genetika-autizam.pdf\">Genetics of autism<\/a>\u00a0. Annual of Faculty of Phylosophi. Skopje, 2005; 58: 495-513.<\/li>\n<li><strong>Kopachev D.<\/strong><a href=\"http:\/\/mssa.org.mk\/wp-content\/uploads\/2018\/10\/26_DragoslavKopachev-defektoloskaStrucno-naucna_Problematika.pdf\">Neuropsychological development dynamic approach in children with autism<\/a>\u00a0. Journal of Special Education and Rehabilitation. Skopje, 2005; 1-2: 5-16.<\/li>\n<li><strong>Spiroski ZhM.<\/strong><a href=\"http:\/\/mssa.org.mk\/wp-content\/uploads\/2018\/10\/27_MirkoSpiroski-medicinskitretman.pdf\">Immunological approach to the diagnosis of autism<\/a>\u00a0. Journal of Special Education and Rehabilitation. Skopje, 2005; 1-2: 17-26.<\/li>\n<li><strong>Ajdinski Lj.<\/strong><u><a href=\"http:\/\/mssa.org.mk\/wp-content\/uploads\/2018\/10\/28_LjupchoAjdinski-pogledi-mislenja-dilemi.pdf\">Condition, organization and directions in solving the problem of people with autism in the Republic of Macedonia<\/a><\/u>\u00a0. Journal of Special Education and Rehabilitation. Skopje, 2005; 1-2: 43-52.<\/li>\n<li><strong>Petrova V, Petrov R.<\/strong><u><a href=\"http:\/\/mssa.org.mk\/wp-content\/uploads\/2018\/10\/29_VericaRistoPetrovi.pdf\">Tretament of children with autism within the group of children with mental retardation<\/a><\/u>\u00a0. Journal of Special Education and Rehabilitation. Skopje, 2005; 1-2: 61-68.<\/li>\n<li><strong>Lazarovska V, Dimitrovska Zh.<\/strong><u><a href=\"http:\/\/mssa.org.mk\/wp-content\/uploads\/2018\/10\/30_VesnaLazarovska_odPraktikataZaPraktikata.pdf\">A presentation of a case of a child suffering from autism<\/a><\/u><u>\u00a0<\/u>. Journal of Special Education and Rehabilitation. Skopje, 2005; 1-2: 69-73.<\/li>\n<li><strong>Trajkovski V, Vasilevska K, Ajdinski Lj, Spiroski M.<\/strong><u><a href=\"http:\/\/mssa.org.mk\/wp-content\/uploads\/2018\/10\/31_VladoTrajkovski-Vasilevski-Mirkovski-Ajdinski-medicinskitretman.pdf\">Epidemiological charasteristics of autism in Republic of Macedonia<\/a><\/u>\u00a0. Journal of Special Education and Rehabilitation. Skopje, 2005; 3-4: 25-39.<\/li>\n<li><strong>Sing KV.<\/strong><u><a href=\"http:\/\/mssa.org.mk\/wp-content\/uploads\/2018\/10\/32_SingVIENGRA-IskustvaNoviniOdSvetot.pdf\">Elevation of serum C-reactive protein and S100 proteins for systemic inflammation in autistic children<\/a><\/u>\u00a0. Journal of Special Education and Rehabilitation. Skopje, 2005; 3-4: 117-125.<\/li>\n<li><strong>Trajkovski V.<\/strong>Biomedical aspects of autism. Book of articles, International Scientific Conference: Rehabilitation-condition and perspectives of children with developmental disabilities and persons with disabilities. October, 2006; 48-55.<\/li>\n<li><strong>Kazanova M, Farag A, El-Baz A, Mott M, Hossam H, Fahmi R, Switala E.<\/strong><u><a href=\"http:\/\/mssa.org.mk\/wp-content\/uploads\/2018\/10\/34_Kazanova-ISKUSTVA_NOVINI_OD_SVETOT_Br-1.pdf\">Abnormalities of the gyral window in autism: a macroscopic correlate to a putative minicolumnopathy<\/a><\/u>\u00a0. Journal of Special Education and Rehabilitation. Skopje, 2006; 1-2: 85-101.<\/li>\n<li><strong>Kazanova M, Mott M.<\/strong><u><a href=\"http:\/\/mssa.org.mk\/wp-content\/uploads\/2018\/10\/35_MEDICINSKI-TRETMAN-Casanova.pdf\">The neuropathology of autism: a selective review<\/a><\/u>\u00a0. Journal of Special Education and Rehabilitation. Skopje, 2006; 3-4: 21-35.<\/li>\n<li><strong>Trajkovski V.<\/strong><u><a href=\"http:\/\/mssa.org.mk\/wp-content\/uploads\/2018\/10\/36_Fizioloski_narusuvanja-autizam.pdf\">Physiological abnormalities in autism<\/a><\/u>\u00a0. Annual of Faculty of Phylosophi. Skopje, 2007; 60: 651-670.<\/li>\n<li><strong>Trajkovski V, Petlichkovski A, Efinska-Mladenovska O, Trajkov D, Arsov T, Strezova A, Aldinski Lj, Spiroski M.<\/strong><u><a href=\"http:\/\/foa.sagepub.com\/cgi\/content\/abstract\/23\/3\/176\">Higher Plasma Cocentration of Food-Specific Antibodies in Persons with Autistic Disorder in Comparison to Their Siblings.<\/a><\/u>\u00a0Focus on Autism and Other Developmental Disabilities 2008; 23 (3): 176-185.<\/li>\n<li><strong>Trajkovski V.<\/strong><u><a href=\"http:\/\/mssa.org.mk\/wp-content\/uploads\/2018\/10\/38_Autizam_i_mitohondrijalnata_disfunkcija.pdf\">Autism and mitochondrial disfunction<\/a><\/u>\u00a0. Annual of Faculty of Phylosophi. Skopje, 2008; 61:539-549.<\/li>\n<li><strong>Spiroski M, Trajkovski V, Trajkov D, Petlichkovski A, Efinska-Mladenovska O, Hristomanova S, Djulejic E, Paneva M, Bozhikov J.<\/strong><u><a href=\"http:\/\/mssa.org.mk\/wp-content\/uploads\/2018\/10\/39.Spiroski-Trajkovski-BJBMS2009.pdf\">Family analysis of immunoglobulin classes and subclasses in children with autistic disorder<\/a><\/u>\u00a0.\u00a0<em>Bosnian Journal of Basic Medical Sciences<\/em>. 2009; 9 (4): 283-289.<\/li>\n<li><strong>Mladenovska B, Trajkovski V.<\/strong> <u><a href=\"http:\/\/jser.fzf.ukim.edu.mk\/files\/PDF%201-2%202010\/7-24_DEFEKTOLOSKA%20STRUCNO%20NAUCNA%20PROBLEMATIKA%20Bisera%20Mladeno.pdf\">Opinions and attitudes of parents and students for sexual development, sexual beavior and geneder identity of persons with autism in the Republic of Macedonia<\/a><\/u>. Journal of Special Education and Rehabilitation. Skopje, 2010; 11(1-2): 7-24.<\/li>\n<li><strong>Stankova T., Trajkovski V.<\/strong><a href=\"http:\/\/mssa.org.mk\/wp-content\/uploads\/2018\/10\/41_Stankova_Trajkovski_DTP_3_4_2010.pdf\">Attitudes and opinions of employers, employees and parents about the employment of people with autism in the Republic of Macedonia<\/a>\u00a0.\u00a0<em>Journal of Special Education and Rehabilitation.<\/em>\u00a0Skopje, 2010; 11(3-4): 16-29.<\/li>\n<li><strong>Trajkovski V.<\/strong><u><a href=\"https:\/\/web.archive.org\/web\/20161021051022\/http:\/mssa.org.mk:80\/files\/trudovi\/42_Trajkovski-Comorbid_medical_conditions.pdf\">Co-morbid medical conditions in autism spectrum disorders<\/a><\/u>. In: Chichevska Jovanova N, Dimitrova Radojichikj D, Jachova Z, editors. Proceedings of Fourth International Conference: Modern Aspects of Special Education and Rehabilitation of Persons with Disabilities, 2013 October 17-19; Ohrid: Faculty of Philosophy; c2014. 56-59.<\/li>\n<li><strong>Troshanska J,<\/strong><strong>Trajkovski V.<\/strong><strong>\u00a0<\/strong><u><a href=\"http:\/\/mssa.org.mk\/wp-content\/uploads\/2018\/10\/43_Troshanska-Trajkovski-Stages_of_comunication.pdf\">Stages of communication in children with autism<\/a><\/u>. In: Chichevska Jovanova N, Dimitrova Radojichikj D, Jachova Z, editors. Proceedings of Fourth International Conference: Modern Aspects of Special Education and Rehabilitation of Persons with Disabilities, 2013 October 17-19; Ohrid: Faculty of Philosophy; c2014. 70-80.<\/li>\n<li><strong>Mitevska A, Trajkovski V.<\/strong><u><a href=\"http:\/\/mssa.org.mk\/wp-content\/uploads\/2018\/10\/44_Mitevska-Trajkovski-Inkluzija_na_uchenicite.pdf\">Inclusion of children with autism spectrum disorders<\/a><\/u>. 200-212.<\/li>\n<li><strong>Ilikj Peshikj M, Trajkovski V.<\/strong><u><a href=\"http:\/\/mssa.org.mk\/wp-content\/uploads\/2018\/10\/45_Ilikj-Peshikj-Trajkovski-Kvalitet_na_odnosot.pdf\">Quality of relationships between brothers and sisters in families with children with autism<\/a><\/u>. In: Chichevska Jovanova N, Dimitrova Radojichikj D, Jachova Z, editors. Proceedings of Fourth International Conference: Modern Aspects of Special Education and Rehabilitation of Persons with Disabilities, 2013 October 17-19; Ohrid: Faculty of Philosophy; c2014.494-504.<\/li>\n<li><strong>Trajkovski V, Spiroski M<\/strong>.<u><a href=\"http:\/\/www.elis.sk\/index.php?page=shop.product_details&amp;flypage=flypage.tpl&amp;product_id=4110&amp;category_id=118&amp;option=com_virtuemart&amp;Itemid=1\">DNA typing of HLA-A, -C, -B, and -DRB1 in the children with autism in the Republic of Macedonia<\/a><\/u>\u00a0. Bratisl Lek Lysty 2015; 116(1): 14-19. DOI: 10.4149\/BLL_2015_003.<\/li>\n<li><strong>Nolcheva M<\/strong><strong>, <\/strong><strong>Trajkovski V<\/strong><strong>. <\/strong><a href=\"http:\/\/mssa.org.mk\/wp-content\/uploads\/2018\/10\/84-100-Nolcheva-Trajkovski-STRESS-COPING-AND-SUPPORT-AMONG-PARENTS-OF-CHILDREN-WITH-AUTISM-SPECTRUM-DISORDERS.pdf\">Exploratory study: stress, coping and support among parents of children with autism spectrum disorders<\/a>. <em>Journal of Special Education and Rehabilitation<\/em> 2015; 16(3-4): 84-100.<\/li>\n<li><strong>Trajkovski V<\/strong><strong>. <a href=\"http:\/\/mssa.org.mk\/wp-content\/uploads\/2018\/10\/Trajkovski-pedijatriska-shkola-Split-april-2016.pdf\">Immunogenetic aspects of autism spectrum disorders<\/a>. <\/strong>Paediatria Croatica 2016; 60 (Supl 1): 84-89.<\/li>\n<li><strong>Trajkovski V<\/strong>, <strong>Jurtoski F<\/strong>. <a href=\"http:\/\/mssa.org.mk\/wp-content\/uploads\/2018\/10\/Tematski-zbornik-2016-prof.-Trajkovski-Jurtoski.pdf\">Early intervention in children with autism spectrum disorders in Republic of Macedonia. <em>Early intervention in Special Education and Rehabilitation-thematic collection of international importance<\/em><\/a>. October 14-16th, 2016, Subotica: c2016. 139-151.<\/li>\n<li><strong>Hansen<\/strong> <strong>DB,<\/strong> <strong>Orton LE, Adams C, Knecht L, Rindlisbaker S, Jurtoski F<\/strong>, <strong>Trajkovski V<\/strong>. A Pilot Study of a Behavioral Parent Training in the Republic of Macedonia. J Autism Dev Disord 47(6): 1878-1889. DOI 10.1007\/s10803-017-3112-6.<\/li>\n<li><strong>Preece D<\/strong>, <strong>Trajkovski V<\/strong>. <a href=\"http:\/\/mssa.org.mk\/wp-content\/uploads\/2018\/10\/Preece_Trajkovski_Parent_education_in_autism_spectrum_disoreder_a_review_of_the_litereture.pdf\">Parent education in autism spectrum disorder \u2013 a review of the literature<\/a>. <em>Hrvatska revija za rehabilitacijska istra<\/em><em>\u017eivanja<\/em> 2017; 53(1): 118-128.<\/li>\n<li><strong>Trajkovski V<\/strong>. Macedonia and Autism. Encyclopedia of Autism Spectrum Disorders. Ed. Volkmar FR. Springer New York. pp. 1-6. DOI 1007\/978-1-4614-6435-8_102172-1.<\/li>\n<li><strong>Weerkamp Bartolomeus P, Peter S, Srivastava A, Fitzgerald M, Marazziti D, Poletaev A<\/strong>, <strong>Trajkovski V<\/strong>.<a href=\"https:\/\/www.fioritieditore.com\/en\/prodotto\/autism-is-there-a-place-for-reattach-therapy-a-promotion-of-natural-self-healing-through-emotions-rewiring\" target=\"_blank\" rel=\"noopener noreferrer\"> Autism: is there a place for ReAttach therapy? A promotion of natural self-healing through emotions rewiring<\/a>. Ebook Edition, Giovanni Fioriti Editore, 2018.<\/li>\n<li style=\"font-weight: 400;\"><strong>Trajkovski V<\/strong>. <a href=\"https:\/\/jrtdd.com\/download\/1262\/\">Health Condition in Persons with Autism Spectrum Disorders<\/a>.\u00a0<em>J<\/em><em>ournal for ReAttach Therapy and Developmental Diversities<\/em>. 2018 Dec 29;\u00a0<a href=\"https:\/\/doi.org\/10.26407\/2018jrtdd.1.1\" data-saferedirecturl=\"https:\/\/www.google.com\/url?q=https:\/\/doi.org\/10.26407\/2018jrtdd.1.1&amp;source=gmail&amp;ust=1597343382001000&amp;usg=AFQjCNF6JofdU_ZdJe2dvHWEgJWf8SF13Q\">https:\/\/doi.org\/10.26407\/2018jrtdd.1.12.<\/a><\/li>\n<li style=\"font-weight: 400;\">Troshanska J,\u00a0<strong>Trajkovski V<\/strong>, Jurtoski F, Preece D. <a href=\"\/wp-content\/uploads\/2020\/08\/TroshanskaTrajkovskiJurtoskiPreece-THE_IMPACT_OF_ASD_ON_MACEDONIAN_FAMILIES_AND_THEIR_EXPERIENCE_OF_PARENT_EDUCATION-pages-1-121.pdf\" target=\"_blank\" rel=\"noopener noreferrer\">The impact of ASD on Macedonian families and their experience of parent education<\/a>.\u00a0<em>Journal of Special Education and Rehabilitation<\/em>\u00a02018; 19(3-4): 127-138.<\/li>\n<li style=\"font-weight: 400;\">Vasilevska Petrovska I,\u00a0<strong>Trajkovski V<\/strong>. <a href=\"\/wp-content\/uploads\/2020\/08\/Vasilevska-Petrovska-Trajkovski-JADD-juli-2019_Article-Effects-Of-A-Computer-Based-Interv.pdf\" target=\"_blank\" rel=\"noopener noreferrer\">Efects of\u00a0a\u00a0Computer\u2011Based Intervention on\u00a0Emotion Understanding in\u00a0Children with\u00a0Autism Spectrum Conditions<\/a>.\u00a0<em>Journal of Autism and Developmental Disorders<\/em>. Online 09 July 2019;\u00a0<a href=\"https:\/\/doi.org\/10.1007\/s10803-019-04135-5\" data-saferedirecturl=\"https:\/\/www.google.com\/url?q=https:\/\/doi.org\/10.1007\/s10803-019-04135-5&amp;source=gmail&amp;ust=1597343382001000&amp;usg=AFQjCNH6R3jv1GlbUL8TGC5qUOmf0bw2IQ\">https:\/\/doi.org\/10.1007\/s10803-019-04135-5<\/a>.<\/li>\n<li style=\"font-weight: 400;\">Vasilevska Petrovska I, Giannakopoulou CA, Giannakopoulou CA, Winstanley A, Miletto R, Constan\u0163a Ro\u015fca G, Ivanova B, Kaisa V, and\u00a0<strong>Trajkovski V<\/strong>. <a href=\"https:\/\/jrtdd.com\/download\/1771\/\">Environmental Barriers and Facilitators to Participation of People with Autism Spectrum Disorders: stakeholders\u2019 perspective<\/a>.\u00a0<em>Journal for ReAttach Therapy and Developmental Diversities<\/em>.\u00a0Online 20 August 2019;\u00a0<a href=\"https:\/\/doi.org\/10.26407\/2019jrtdd.1.19\" data-saferedirecturl=\"https:\/\/www.google.com\/url?q=https:\/\/doi.org\/10.26407\/2019jrtdd.1.19&amp;source=gmail&amp;ust=1597343382001000&amp;usg=AFQjCNHy6Y0mm7EEvlGdp3QuGIlXjJi2vQ\">https:\/\/doi.org\/10.26407\/2019jrtdd.1.19<\/a>.<\/li>\n<li style=\"font-weight: 400;\"><strong>Trajkovski V<\/strong>, Stancheska T. <a href=\"\/wp-content\/uploads\/2020\/08\/V.Trajkovski-T.Stancheska-The-inclusion-of-Students-with-ASD-in-the-region-of-South-West-Macedonia-Full-Text-Budva-2019.pdf\" target=\"_blank\" rel=\"noopener noreferrer\">The inclusion of students with autism spectrum disorders in the region of Southwest Macedonia<\/a>.\u00a0October 18-20th, 2019, Budva:\u00a0c2019. 37-52.<\/li>\n<li style=\"font-weight: 400;\"><strong>Trajkovski V<\/strong>. <a href=\"https:\/\/jrtdd.com\/download\/2429\/\">Psychological aspects of autism spectrum disorder<\/a>.\u00a0<em>Journal for ReAttach Therapy and Developmental Diversities<\/em>.\u00a02020 Jul 05; 3(1):14-23.\u00a0<a href=\"https:\/\/doi.org\/10.26407\/2020jrtdd.1.30\" data-saferedirecturl=\"https:\/\/www.google.com\/url?q=https:\/\/doi.org\/10.26407\/2020jrtdd.1.30&amp;source=gmail&amp;ust=1597343382001000&amp;usg=AFQjCNGgxDQB7LwF-KyQ7H0YGnMlk_X1-g\">https:\/\/doi.org\/10.26407\/2020jrtdd.1.30<\/a>.<\/li>\n<li style=\"font-weight: 400;\"><strong>\u0422\u0440\u0430\u0458\u043a\u043e\u0432\u0441\u043a\u0438 \u0412<\/strong>, \u0412\u0430\u0441\u0438\u043b\u0435\u0432\u0441\u043a\u0430 \u041f\u0435\u0442\u0440\u043e\u0432\u0441\u043a\u0430 \u0418. <a href=\"https:\/\/mssa.org.mk\/en\/download\/1522\/\">\u041f\u043e\u0434\u0434\u0440\u0448\u043a\u0430 \u043d\u0430 \u0441\u043e\u0446\u0438\u0458\u0430\u043b\u043d\u0438 \u0432\u0435\u0448\u0442\u0438\u043d\u0438 \u0438 \u043f\u043e\u0437\u0438\u0442\u0438\u0432\u043d\u043e \u0440\u043e\u0434\u0438\u0442\u0435\u043b\u0441\u0442\u0432\u043e. \u041f\u0440\u0438\u0440\u0430\u0447\u043d\u0438\u043a \u0437\u0430 \u0440\u043e\u0434\u0438\u0442\u0435\u043b\u0438 \u043d\u0430 \u0434\u0435\u0446\u0430 \u0441\u043e \u0441\u043e\u0441\u0442\u043e\u0458\u0431\u0438 \u043e\u0434 \u0430\u0443\u0442\u0438\u0441\u0442\u0438\u0447\u0435\u043d \u0441\u043f\u0435\u043a\u0442\u0430\u0440 \u0438 \u043f\u0440\u043e\u0444\u0435\u0441\u0438\u043e\u043d\u0430\u043b\u0446\u0438 \u043e\u0434 \u043d\u0438\u0432\u043d\u0438\u043e\u0442 \u043a\u0440\u0443\u0433 \u043d\u0430 \u043f\u043e\u0434\u0434\u0440\u0448\u043a\u0430<\/a>.\u00a0<em>\u041c\u0430\u043a\u0435\u0434\u043e\u043d\u0441\u043a\u043e \u043d\u0430\u0443\u0447\u043d\u043e \u0437\u0434\u0440\u0443\u0436\u0435\u043d\u0438\u0435 \u0437\u0430 \u0430\u0443\u0442\u0438\u0437\u0430\u043c<\/em>, \u0421\u043a\u043e\u043f\u0458\u0435, 2020; 1\u2012132.<\/li>\n<li style=\"font-weight: 400;\"><strong>Trajkovski V<\/strong>, Vasilevska Petrovska I.\u00a0<a href=\"https:\/\/mssa.org.mk\/en\/download\/1526\">Mb\u00ebshtetja e shkatht\u00ebsive sociale dhe prind\u00ebsis\u00eb pozitive: doracak p\u00ebr prind\u00ebrit e f\u00ebmij\u00ebve me gjendje t\u00eb spektrit t\u00eb autizmit dhe p\u00ebr profesionist\u00ebt nga mjedisi i tyre i mb\u00ebshtetjes<\/a>.\u00a0<em>Shoqata Shkencore e Maqedonis\u00eb p\u00ebr Autizmin<\/em>, Shkup, 2020; 1\u2012126.<\/li>\n<li style=\"font-weight: 400;\"><strong>Trajkovski V<\/strong>, Vasilevska Petrovska I.\u00a0<a href=\"https:\/\/mssa.org.mk\/en\/download\/1524\">Supporting social skills and positive parenting: manual for parents of children with autism spectrum conditions and professionals in their circle of support<\/a>.\u00a0<em>Macedonian Scientific Society for Autism<\/em>, Skopje, 2020;\u00a01\u2012127.<\/li>\n<\/ol>\n<p><\/p>\n<!-- AddThis Advanced Settings generic via filter on the_content -->","protected":false},"excerpt":{"rendered":"<p>Kopachev D, Nastov P.Autistic child \u2013 our case study. Macedonian Medical Rewiev. Skopje, 1983; XXXVII, 1-2: 30-32. Lakoski A.Genetic aspects of autism. Journal of Special Education and Rehabilitation. Skopje, 1997; 2: 49-55. Lukikj D.System for protection of children with autism. Journal of Special Education and Rehabilitation. Skopje, 1998; 2-3: 135-144. Ajdinski Lj.Children with autism and<!-- AddThis Advanced Settings generic via filter on get_the_excerpt --><\/p>\n","protected":false},"author":1,"featured_media":0,"parent":0,"menu_order":0,"comment_status":"closed","ping_status":"closed","template":"","meta":{"footnotes":""},"class_list":["post-100","page","type-page","status-publish","hentry"],"aioseo_notices":[],"_links":{"self":[{"href":"https:\/\/mssa.org.mk\/en\/wp-json\/wp\/v2\/pages\/100","targetHints":{"allow":["GET"]}}],"collection":[{"href":"https:\/\/mssa.org.mk\/en\/wp-json\/wp\/v2\/pages"}],"about":[{"href":"https:\/\/mssa.org.mk\/en\/wp-json\/wp\/v2\/types\/page"}],"author":[{"embeddable":true,"href":"https:\/\/mssa.org.mk\/en\/wp-json\/wp\/v2\/users\/1"}],"replies":[{"embeddable":true,"href":"https:\/\/mssa.org.mk\/en\/wp-json\/wp\/v2\/comments?post=100"}],"version-history":[{"count":14,"href":"https:\/\/mssa.org.mk\/en\/wp-json\/wp\/v2\/pages\/100\/revisions"}],"predecessor-version":[{"id":1568,"href":"https:\/\/mssa.org.mk\/en\/wp-json\/wp\/v2\/pages\/100\/revisions\/1568"}],"wp:attachment":[{"href":"https:\/\/mssa.org.mk\/en\/wp-json\/wp\/v2\/media?parent=100"}],"curies":[{"name":"wp","href":"https:\/\/api.w.org\/{rel}","templated":true}]}}